{"id":265,"date":"2025-03-06T20:09:01","date_gmt":"2025-03-06T19:09:01","guid":{"rendered":"https:\/\/corpochain.pl\/?page_id=265"},"modified":"2025-03-07T11:31:19","modified_gmt":"2025-03-07T10:31:19","slug":"kontakt","status":"publish","type":"page","link":"https:\/\/corpochain.pl\/index.php\/kontakt\/","title":{"rendered":"Kontakt"},"content":{"rendered":"\n<div id=\"wp-block-themeisle-blocks-advanced-columns-678cc482\" class=\"wp-block-themeisle-blocks-advanced-columns alignfull has-1-columns has-desktop-equal-layout has-tablet-equal-layout has-mobile-equal-layout has-vertical-bottom ticss-c00aadba\"><div class=\"wp-block-themeisle-blocks-advanced-columns-overlay\"><\/div><div class=\"innerblocks-wrap\">\n<div id=\"wp-block-themeisle-blocks-advanced-column-49e37dea\" class=\"wp-block-themeisle-blocks-advanced-column\">\n<div class=\"wp-block-columns is-layout-flex wp-container-core-columns-is-layout-f0342b05 wp-block-columns-is-layout-flex\" style=\"margin-top:0;margin-bottom:0\">\n<div class=\"wp-block-column is-layout-flow wp-block-column-is-layout-flow\" style=\"flex-basis:50%\">\n<figure class=\"wp-block-image size-full is-resized has-custom-border is-style-default animated bounceInLeft fast\" style=\"margin-top:var(--wp--preset--spacing--40);margin-bottom:var(--wp--preset--spacing--40);margin-left:var(--wp--preset--spacing--50)\"><a href=\"https:\/\/corpochain.pl\/\"><img loading=\"lazy\" decoding=\"async\" width=\"700\" height=\"700\" src=\"https:\/\/corpochain.pl\/wp-content\/uploads\/2025\/03\/Copro-3-1024x1024-1.png\" alt=\"\" class=\"wp-image-119\" style=\"border-radius:0px;box-shadow:none;width:170px;height:auto\" srcset=\"https:\/\/corpochain.pl\/wp-content\/uploads\/2025\/03\/Copro-3-1024x1024-1.png 700w, https:\/\/corpochain.pl\/wp-content\/uploads\/2025\/03\/Copro-3-1024x1024-1-300x300.png 300w, https:\/\/corpochain.pl\/wp-content\/uploads\/2025\/03\/Copro-3-1024x1024-1-150x150.png 150w\" sizes=\"auto, (max-width: 700px) 100vw, 700px\" \/><\/a><\/figure>\n<\/div>\n\n\n\n<div class=\"wp-block-column is-vertically-aligned-center is-layout-flow wp-block-column-is-layout-flow\" style=\"padding-top:0;padding-right:var(--wp--preset--spacing--60);padding-bottom:0;padding-left:var(--wp--preset--spacing--60);flex-basis:50%\">\n<div class=\"wp-block-buttons is-content-justification-right is-layout-flex wp-container-core-buttons-is-layout-27f651d6 wp-block-buttons-is-layout-flex\">\n<div class=\"wp-block-button corpo-button ticss-6d23c838 is-style-fill animated fadeInUp faster\"><a class=\"wp-block-button__link has-background wp-element-button\" href=\"https:\/\/corpochain.pl\/index.php\/oferta\/\" style=\"border-style:none;border-width:0px;border-radius:19px;background:linear-gradient(180deg,rgba(0,141,222,0.76) 0%,rgba(155,81,224,0.87) 100%);padding-right:var(--wp--preset--spacing--50);padding-left:var(--wp--preset--spacing--50);box-shadow:var(--wp--preset--shadow--natural)\">Oferta<\/a><\/div>\n\n\n\n<div class=\"wp-block-button corpo-button ticss-6d23c838 is-style-fill animated fadeInUp faster\"><a class=\"wp-block-button__link has-background wp-element-button\" href=\"https:\/\/corpochain.pl\/index.php\/kontakt\/\" style=\"border-style:none;border-width:0px;border-radius:19px;background:linear-gradient(180deg,rgba(0,141,222,0.76) 0%,rgba(155,81,224,0.87) 100%);padding-right:var(--wp--preset--spacing--30);padding-left:var(--wp--preset--spacing--30);box-shadow:var(--wp--preset--shadow--natural)\">Kontakt<\/a><\/div>\n<\/div>\n<\/div>\n<\/div>\n<\/div>\n<\/div><\/div>\n\n\n\n<h2 class=\"wp-block-heading has-text-align-center\" style=\"padding-top:var(--wp--preset--spacing--50)\">Skontaktuj si\u0119 z nami!<\/h2>\n\n\n\n<div id=\"wp-block-themeisle-blocks-form-55bedee7\" class=\"wp-block-themeisle-blocks-form corpo-form ticss-9da04d8a\" data-option-name=\"bf9b28ff82ce323187abc5d0feb0d8f07ecd8436_55bedee7\"><form class=\"otter-form__container\">\n<div id=\"wp-block-themeisle-blocks-form-input-82a64e7a\" class=\"wp-block-themeisle-blocks-form-input\"><label for=\"wp-block-themeisle-blocks-form-input-82a64e7a-input\" class=\"otter-form-input-label\"><span class=\"otter-form-input-label__label\">Imi\u0119 <\/span><span class=\"required\">*<\/span><\/label><input type=\"text\" id=\"wp-block-themeisle-blocks-form-input-82a64e7a-input\" required class=\"otter-form-input\"\/><\/div>\n\n\n\n<div id=\"wp-block-themeisle-blocks-form-input-978eca33\" class=\"wp-block-themeisle-blocks-form-input\"><label for=\"wp-block-themeisle-blocks-form-input-978eca33-input\" class=\"otter-form-input-label\"><span class=\"otter-form-input-label__label\">Adres e-mail <\/span><span class=\"required\">*<\/span><\/label><input type=\"email\" id=\"wp-block-themeisle-blocks-form-input-978eca33-input\" required class=\"otter-form-input\"\/><\/div>\n\n\n<div class=\"protection\" aria-hidden=\"true\"><input type=\"hidden\" id=\"wp-block-themeisle-blocks-form-55bedee7_nonce_field\" name=\"wp-block-themeisle-blocks-form-55bedee7_nonce_field\" value=\"6f62738cfd\" \/><input type=\"hidden\" name=\"_wp_http_referer\" value=\"\/index.php\/wp-json\/wp\/v2\/pages\/265\" \/><input class=\"o-anti-bot\" type=\"checkbox\"><\/div>\n\n\n<div id=\"wp-block-themeisle-blocks-form-textarea-1da576e5\" class=\"wp-block-themeisle-blocks-form-textarea\"><label for=\"wp-block-themeisle-blocks-form-textarea-1da576e5-input\" class=\"otter-form-textarea-label\"><span class=\"otter-form-textarea-label__label\">Wiadomo\u015b\u0107<\/span><\/label><textarea id=\"wp-block-themeisle-blocks-form-textarea-1da576e5-input\" rows=\"10\" class=\"otter-form-textarea-input\"><\/textarea><\/div>\n<div class=\"wp-block-button\"><button class=\"wp-block-button__link\" type=\"submit\">Wy\u015blij wiadomo\u015b\u0107<\/button><\/div><\/form><\/div>\n\n\n\n<h2 class=\"wp-block-heading has-text-align-center ticss-62589fb7\">Nasza siedziba<\/h2>\n\n\n\n<div class=\"wp-block-columns corpo-columns ticss-06a15d3b is-layout-flex wp-container-core-columns-is-layout-a42798d2 wp-block-columns-is-layout-flex\" style=\"padding-bottom:var(--wp--preset--spacing--80)\">\n<div class=\"wp-block-column is-layout-flow wp-block-column-is-layout-flow\" style=\"flex-basis:66.66%\"><div style=\"height:400pxpx;\" class=\"corpo-map ticss-757febaf wp-block-themeisle-blocks-leaflet-map\" id=\"wp-block-themeisle-blocks-leaflet-map-757febaf\"><\/div>\n<script type=\"text\/javascript\">\n\t\/* <![CDATA[ *\/\n\t\tif ( ! window.themeisleLeafletMaps ) window.themeisleLeafletMaps =[];\n\t\twindow.themeisleLeafletMaps.push( { container: \"wp-block-themeisle-blocks-leaflet-map-757febaf\", attributes: {\"id\":\"wp-block-themeisle-blocks-leaflet-map-757febaf\",\"location\":\"Chrzan\\u00f3w Szpitalna 12\",\"latitude\":\"50.140961700000005\",\"longitude\":\"19.412976450000002\",\"bbox\":\"19.41169917583466,50.1402756471295,19.414258003234867,50.141650871454985\",\"zoom\":18,\"markers\":[{\"id\":\"6b0e618c-e926-4423-9cf8-c59420e4b1fb\",\"latitude\":50.140961700000005,\"longitude\":19.412976450000002,\"title\":\"Serwis Galena\",\"description\":\"<p>ul. Szpitalna<br \\\/>32-500 Chrzan\\u00f3w<\\\/p>\"}],\"className\":\"corpo-map ticss-757febaf\",\"hasCustomCSS\":true,\"customCSS\":\".corpo-map{\\n  border-radius: 10px;\\n  box-shadow: 3px 3px 10px black;\\n}\",\"height\":\"400px\",\"zoomControl\":true,\"draggable\":true,\"otterConditions\":[]} } );\n\t\/* ]]> *\/\n<\/script>\n<\/div>\n\n\n\n<div class=\"wp-block-column is-layout-flow wp-block-column-is-layout-flow\" style=\"flex-basis:33.33%\">\n<p class=\"has-text-align-center has-small-font-size\"><strong>Serwis Galena<\/strong><br>ul. Szpitalna 12<br>32-500 Chrzan\u00f3w<br><br><strong>Telefon:<\/strong><br><strong>692 773 140<\/strong><br><br><strong>E-mail: serwisgalena@gmail.com<\/strong><\/p>\n\n\n\n<p><\/p>\n<\/div>\n<\/div>\n\n\n\n<div class=\"wp-block-group alignfull corpo-block ticss-2b131785 has-ti-fg-alt-color has-ti-fg-background-color has-text-color has-background is-layout-constrained wp-container-core-group-is-layout-92005d34 wp-block-group-is-layout-constrained\" style=\"border-style:none;border-width:0px;border-radius:0px;margin-top:0px;margin-bottom:0px;padding-top:64px;padding-bottom:64px\">\n<p class=\"has-text-align-center\">Copyright 2025 Serwis Galena<\/p>\n<\/div>\n","protected":false},"excerpt":{"rendered":"<p>Skontaktuj si\u0119 z nami! Nasza siedziba Serwis Galenaul. Szpitalna 1232-500 Chrzan\u00f3w Telefon:692 773 140 E-mail: serwisgalena@gmail.com<\/p>\n","protected":false},"author":1,"featured_media":0,"parent":0,"menu_order":0,"comment_status":"closed","ping_status":"closed","template":"template-offer","meta":{"_themeisle_gutenberg_block_has_review":false,"footnotes":""},"class_list":["post-265","page","type-page","status-publish","hentry"],"_links":{"self":[{"href":"https:\/\/corpochain.pl\/index.php\/wp-json\/wp\/v2\/pages\/265","targetHints":{"allow":["GET"]}}],"collection":[{"href":"https:\/\/corpochain.pl\/index.php\/wp-json\/wp\/v2\/pages"}],"about":[{"href":"https:\/\/corpochain.pl\/index.php\/wp-json\/wp\/v2\/types\/page"}],"author":[{"embeddable":true,"href":"https:\/\/corpochain.pl\/index.php\/wp-json\/wp\/v2\/users\/1"}],"replies":[{"embeddable":true,"href":"https:\/\/corpochain.pl\/index.php\/wp-json\/wp\/v2\/comments?post=265"}],"version-history":[{"count":57,"href":"https:\/\/corpochain.pl\/index.php\/wp-json\/wp\/v2\/pages\/265\/revisions"}],"predecessor-version":[{"id":341,"href":"https:\/\/corpochain.pl\/index.php\/wp-json\/wp\/v2\/pages\/265\/revisions\/341"}],"wp:attachment":[{"href":"https:\/\/corpochain.pl\/index.php\/wp-json\/wp\/v2\/media?parent=265"}],"curies":[{"name":"wp","href":"https:\/\/api.w.org\/{rel}","templated":true}]}}